{"id":45383,"date":"2017-02-02T09:42:36","date_gmt":"2017-02-02T12:42:36","guid":{"rendered":"http:\/\/hotelneruda.cl\/?page_id=45383"},"modified":"2026-03-25T16:50:43","modified_gmt":"2026-03-25T19:50:43","slug":"celebraciones","status":"publish","type":"page","link":"https:\/\/www.mrhoteles.cl\/pb\/eventos\/celebraciones\/","title":{"rendered":"Celebraciones"},"content":{"rendered":"<p>Contamos con un total de 16 salones con capacidades hasta 280 personas, ubicados en nuestros Hoteles de Santiago y Vi\u00f1a del Mar, los cuales son ideales para desarrollar celebraciones de cumplea\u00f1os, bautizos, aniversarios, cierres de a\u00f1o, etc, gracias a la variedad de distribuciones y capacidades. Cada uno de \u00e9stos, cuenta con el mejor equipo humano capaz de satisfacer todas sus necesidades.<\/p>\n<p>Ofrecemos una variada selecci\u00f3n alternativas gastron\u00f3micas y banqueter\u00eda especializada que, complementados con nuestra atenci\u00f3n personalizada, permitir\u00e1 que disfrutes tu celebraci\u00f3n desde la planificaci\u00f3n del evento hasta finalizar la fiesta.<\/p>\n<p><a href=\"http:\/\/nerudahotel.s3.amazonaws.com\/wp-content\/uploads\/2019\/12\/31002646\/Celebraciones-Hotel-Neruda-2017-baja.pdf\">Kit Celebraciones<\/a><\/p>","protected":false},"excerpt":{"rendered":"<p>MR. O hotel, localizado no tradicional munic\u00edpio de Providencia, permite aos visitantes acessar facilmente o com\u00e9rcio tradicional, shopping centers, restaurantes, vida noturna e servi\u00e7os de todos os tipos a uma curta dist\u00e2ncia. Sua localiza\u00e7\u00e3o privilegiada, a poucos passos da esta\u00e7\u00e3o de metr\u00f4 Pedro de Valdivia e de outros meios de transporte p\u00fablico, permite o acesso a pontos de interesse dentro da cidade de Santiago com facilidade e independ\u00eancia.<\/p>\n","protected":false},"author":4,"featured_media":185147,"parent":1104,"menu_order":0,"comment_status":"open","ping_status":"closed","template":"tpl-eventos.php","meta":[],"_links":{"self":[{"href":"https:\/\/www.mrhoteles.cl\/pb\/wp-json\/wp\/v2\/pages\/45383"}],"collection":[{"href":"https:\/\/www.mrhoteles.cl\/pb\/wp-json\/wp\/v2\/pages"}],"about":[{"href":"https:\/\/www.mrhoteles.cl\/pb\/wp-json\/wp\/v2\/types\/page"}],"author":[{"embeddable":true,"href":"https:\/\/www.mrhoteles.cl\/pb\/wp-json\/wp\/v2\/users\/4"}],"replies":[{"embeddable":true,"href":"https:\/\/www.mrhoteles.cl\/pb\/wp-json\/wp\/v2\/comments?post=45383"}],"version-history":[{"count":44,"href":"https:\/\/www.mrhoteles.cl\/pb\/wp-json\/wp\/v2\/pages\/45383\/revisions"}],"predecessor-version":[{"id":185840,"href":"https:\/\/www.mrhoteles.cl\/pb\/wp-json\/wp\/v2\/pages\/45383\/revisions\/185840"}],"up":[{"embeddable":true,"href":"https:\/\/www.mrhoteles.cl\/pb\/wp-json\/wp\/v2\/pages\/1104"}],"wp:featuredmedia":[{"embeddable":true,"href":"https:\/\/www.mrhoteles.cl\/pb\/wp-json\/wp\/v2\/media\/185147"}],"wp:attachment":[{"href":"https:\/\/www.mrhoteles.cl\/pb\/wp-json\/wp\/v2\/media?parent=45383"}],"curies":[{"name":"wp","href":"https:\/\/api.w.org\/{rel}","templated":true}]}}