{"id":44611,"date":"2017-01-25T12:47:06","date_gmt":"2017-01-25T12:47:06","guid":{"rendered":"http:\/\/hotelneruda.cl\/?page_id=44611"},"modified":"2026-03-25T17:00:58","modified_gmt":"2026-03-25T20:00:58","slug":"corporativos","status":"publish","type":"page","link":"https:\/\/www.mrhoteles.cl\/pb\/eventos\/corporativos\/","title":{"rendered":"Eventos Corporativos"},"content":{"rendered":"<p>Contamos com um total de 16 sal\u00f5es com capacidade para at\u00e9 280 pessoas, localizados em nossos hot\u00e9is de Santiago e Vi\u00f1a del Mar. S\u00e3o ideais para eventos empresariais, por sua variedade de lay outs, capacidade e equipamentos que possu\u00edmos, tudo isso alinhado com a melhor equipe capaz de satisfazer suas necessidades.<\/p>\n<p>Oferecemos uma variada sele\u00e7\u00e3o gastron\u00f3mica e buffet especializado que, complementado com nosso excelente servi\u00e7o, ser\u00e1 o detalhe perfeito para integrar seu evento e torn\u00e1-lo de outro n\u00edvel.<\/p>\n<p><strong>Servi\u00e7os inclu\u00eddos no aluguel dos sal\u00f5es:<\/strong><\/p>\n<ul>\n<li>Jarros com agua e balas<\/li>\n<li>Quadro branco, Flipchart, marcador, apagador<\/li>\n<li>Internet Wifi<\/li>\n<li>Estacionamento gratuito (2 carros MR. Hotel, 1 carro MR. Express)<\/li>\n<\/ul>\n<div class=\"col-md-12 buttonsboxed\"><a class=\"btn-block text-center\" href=\"http:\/\/nerudahotel.s3.amazonaws.com\/wp-content\/uploads\/2019\/12\/30123215\/Montaje_Salones_MR2020.pdf\" target=\"_BLANK\" rel=\"noopener noreferrer\">Capacidade Sal\u00f5es<\/a> <a class=\"btn-block text-center\" href=\"https:\/\/nerudahotel.s3.amazonaws.com\/wp-content\/uploads\/2020\/01\/13114916\/MENU-COMPLETO-2020.pdf\" target=\"_BLANK\" rel=\"noopener noreferrer\">Alimenta\u00e7ao<\/a> <a href=\"https:\/\/nerudahotel.s3.amazonaws.com\/wp-content\/uploads\/2020\/01\/13115423\/TECNICA-2020.pdf\" class=\"btn-block text-center\" target=\"_BLANK\" rel=\"noopener noreferrer\">Equipamento de apoio<\/a><\/div>\n<p><\/p>","protected":false},"excerpt":{"rendered":"<p>Construction consultants provide expert proactive and forensic support for construction projects and construction claims.<\/p>\n","protected":false},"author":1,"featured_media":185151,"parent":1104,"menu_order":0,"comment_status":"open","ping_status":"closed","template":"tpl-eventos.php","meta":[],"_links":{"self":[{"href":"https:\/\/www.mrhoteles.cl\/pb\/wp-json\/wp\/v2\/pages\/44611"}],"collection":[{"href":"https:\/\/www.mrhoteles.cl\/pb\/wp-json\/wp\/v2\/pages"}],"about":[{"href":"https:\/\/www.mrhoteles.cl\/pb\/wp-json\/wp\/v2\/types\/page"}],"author":[{"embeddable":true,"href":"https:\/\/www.mrhoteles.cl\/pb\/wp-json\/wp\/v2\/users\/1"}],"replies":[{"embeddable":true,"href":"https:\/\/www.mrhoteles.cl\/pb\/wp-json\/wp\/v2\/comments?post=44611"}],"version-history":[{"count":97,"href":"https:\/\/www.mrhoteles.cl\/pb\/wp-json\/wp\/v2\/pages\/44611\/revisions"}],"predecessor-version":[{"id":185843,"href":"https:\/\/www.mrhoteles.cl\/pb\/wp-json\/wp\/v2\/pages\/44611\/revisions\/185843"}],"up":[{"embeddable":true,"href":"https:\/\/www.mrhoteles.cl\/pb\/wp-json\/wp\/v2\/pages\/1104"}],"wp:featuredmedia":[{"embeddable":true,"href":"https:\/\/www.mrhoteles.cl\/pb\/wp-json\/wp\/v2\/media\/185151"}],"wp:attachment":[{"href":"https:\/\/www.mrhoteles.cl\/pb\/wp-json\/wp\/v2\/media?parent=44611"}],"curies":[{"name":"wp","href":"https:\/\/api.w.org\/{rel}","templated":true}]}}