{"id":1079,"date":"2016-11-21T20:11:24","date_gmt":"2016-11-21T20:11:24","guid":{"rendered":"http:\/\/hotelneruda.cl\/?page_id=1079"},"modified":"2026-03-26T18:03:00","modified_gmt":"2026-03-26T21:03:00","slug":"restaurante","status":"publish","type":"page","link":"https:\/\/www.mrhoteles.cl\/pb\/restaurante\/","title":{"rendered":"Restaurante"},"content":{"rendered":"<p><\/p>\n<h1><span style=\"color: #1b4338;\"><strong>Restaurante do MR. Hotel<\/strong><\/span><\/h1>\n<p>No cora\u00e7\u00e3o de Providencia e a poucos passos do Metro Pedro de Valdivia, est\u00e1 o restaurante do MR. Hotel. Sua cozinha, com clara identidade do povo\u00a0 chileno, \u00e9 inspirada pelos produtos locais, respons\u00e1veis por real\u00e7ar os sabores naturais da terra e do nosso litoral.<\/p>\n<p>Aberto 365 dias do ano, nos seguintes hor\u00e1rios:<\/p>\n<ul>\n<li>Caf\u00e9 da manha de segunda a sexta-feira das 07:00 hrs. \u00e0s 10:30 hrs. e s\u00e1bado, domingo e feriados estendido at\u00e9 11:00 hrs.<\/li>\n<li>Almo\u00e7o \u00e0 la carte diariamente a partir das 13:00 hrs. \u00e0s 15:30 hrs. e tamb\u00e9m temos um menu do dia de segunda a sexta-feira.<\/li>\n<li>Jantar diariamente a partir das 18:00 hrs. \u00e0s 22:30 hrs. e de segunda a sexta-feira, temos um happy hour das 18:30 hrs. at\u00e9 \u00e0s 20:00 hrs<\/li>\n<\/ul>\n<p><a class=\"btn btn-success btn-action\" href=\"https:\/\/nerudahotel.s3.amazonaws.com\/wp-content\/uploads\/2020\/01\/23113009\/191226_carta_restaurante.pdf\">Descargar Carta Restaurante<\/a><\/p>","protected":false},"excerpt":{"rendered":"<p>Restaurante do MR. Hotel No cora\u00e7\u00e3o de Providencia e a poucos passos do Metro Pedro de Valdivia, est\u00e1 o restaurante do MR. Hotel. Sua cozinha, com clara identidade do povo\u00a0 chileno, \u00e9 inspirada pelos produtos locais, respons\u00e1veis por real\u00e7ar os sabores naturais da terra e do nosso litoral. Aberto 365 dias do ano, nos seguintes [&hellip;]<\/p>\n","protected":false},"author":1,"featured_media":0,"parent":0,"menu_order":0,"comment_status":"open","ping_status":"open","template":"","meta":[],"_links":{"self":[{"href":"https:\/\/www.mrhoteles.cl\/pb\/wp-json\/wp\/v2\/pages\/1079"}],"collection":[{"href":"https:\/\/www.mrhoteles.cl\/pb\/wp-json\/wp\/v2\/pages"}],"about":[{"href":"https:\/\/www.mrhoteles.cl\/pb\/wp-json\/wp\/v2\/types\/page"}],"author":[{"embeddable":true,"href":"https:\/\/www.mrhoteles.cl\/pb\/wp-json\/wp\/v2\/users\/1"}],"replies":[{"embeddable":true,"href":"https:\/\/www.mrhoteles.cl\/pb\/wp-json\/wp\/v2\/comments?post=1079"}],"version-history":[{"count":57,"href":"https:\/\/www.mrhoteles.cl\/pb\/wp-json\/wp\/v2\/pages\/1079\/revisions"}],"predecessor-version":[{"id":185859,"href":"https:\/\/www.mrhoteles.cl\/pb\/wp-json\/wp\/v2\/pages\/1079\/revisions\/185859"}],"wp:attachment":[{"href":"https:\/\/www.mrhoteles.cl\/pb\/wp-json\/wp\/v2\/media?parent=1079"}],"curies":[{"name":"wp","href":"https:\/\/api.w.org\/{rel}","templated":true}]}}