{"id":1016,"date":"2019-11-05T09:00:40","date_gmt":"2019-11-05T12:00:40","guid":{"rendered":"http:\/\/hotelneruda.cl\/?page_id=1016"},"modified":"2021-03-26T11:08:29","modified_gmt":"2021-03-26T14:08:29","slug":"inicio","status":"publish","type":"page","link":"https:\/\/www.mrhoteles.cl\/pb\/","title":{"rendered":"Inicio"},"content":{"rendered":"<p class=\"qtranxs-available-languages-message qtranxs-available-languages-message-pb\">Desculpe-nos, mas este texto est\u00e1 apenas dispon\u00edvel em <a href=\"https:\/\/www.mrhoteles.cl\/en\/wp-json\/wp\/v2\/pages\/1016\" class=\"qtranxs-available-language-link qtranxs-available-language-link-en\" title=\"English\">Ingl\u00eas Americano<\/a>.<\/p>","protected":false},"excerpt":{"rendered":"<p>Desculpe-nos, mas este texto est\u00e1 apenas dispon\u00edvel em Ingl\u00eas Americano.<\/p>\n","protected":false},"author":1,"featured_media":0,"parent":0,"menu_order":0,"comment_status":"open","ping_status":"open","template":"home.php","meta":[],"_links":{"self":[{"href":"https:\/\/www.mrhoteles.cl\/pb\/wp-json\/wp\/v2\/pages\/1016"}],"collection":[{"href":"https:\/\/www.mrhoteles.cl\/pb\/wp-json\/wp\/v2\/pages"}],"about":[{"href":"https:\/\/www.mrhoteles.cl\/pb\/wp-json\/wp\/v2\/types\/page"}],"author":[{"embeddable":true,"href":"https:\/\/www.mrhoteles.cl\/pb\/wp-json\/wp\/v2\/users\/1"}],"replies":[{"embeddable":true,"href":"https:\/\/www.mrhoteles.cl\/pb\/wp-json\/wp\/v2\/comments?post=1016"}],"version-history":[{"count":197,"href":"https:\/\/www.mrhoteles.cl\/pb\/wp-json\/wp\/v2\/pages\/1016\/revisions"}],"predecessor-version":[{"id":185316,"href":"https:\/\/www.mrhoteles.cl\/pb\/wp-json\/wp\/v2\/pages\/1016\/revisions\/185316"}],"wp:attachment":[{"href":"https:\/\/www.mrhoteles.cl\/pb\/wp-json\/wp\/v2\/media?parent=1016"}],"curies":[{"name":"wp","href":"https:\/\/api.w.org\/{rel}","templated":true}]}}